{"id":37,"date":"2015-06-01T11:29:59","date_gmt":"2015-06-01T10:29:59","guid":{"rendered":"http:\/\/chagall.amant.pro\/?page_id=37"},"modified":"2025-01-17T15:34:53","modified_gmt":"2025-01-17T14:34:53","slug":"contact","status":"publish","type":"page","link":"https:\/\/www.chagallsansm.fr\/index.php\/contact\/","title":{"rendered":"Contact"},"content":{"rendered":"<p><strong>Cie Chagall sans M <\/strong><br \/>\n<strong>120 rue Adrien Proby<br \/>\n34 090 Montpellier<\/p>\n<p><\/strong><\/p>\n<p>&#8212;&#8212;&#8212;&#8212;&#8212;&#8212;&#8212;&#8212;-<\/p>\n<p><span style=\"color: #006766;\"><strong>Metteuse en sc\u00e8ne et directrice de production, salari\u00e9e intermittente&nbsp;<\/strong><\/span>:<br \/>\nClaire Engel<\/p>\n<p>Pr\u00e9sidente : Marie-Anne P\u00e9chinot<br \/>\nTr\u00e9sori\u00e8re: Galla Bridier<br \/>\nSecr\u00e9taire : Christian Chamfort<\/p>\n<p>Licence : PLATESV-R-2021-004161<br \/>\nSIRET : 484 395 124 00056<br \/>\nAPE : 9001Z<\/p>\n<hr>\n<p>CONTACT MAIL:<\/p>\n<p>g\u00e9n\u00e9ral et artistique : contact@chagallsansm.fr<br \/>\nadministration : admin@chagallsansm.fr<br \/>\nproduction : prod@chagallsansm.fr<\/p>\n","protected":false},"excerpt":{"rendered":"<p>Cie Chagall sans M 120 rue Adrien Proby 34 090 Montpellier &#8212;&#8212;&#8212;&#8212;&#8212;&#8212;&#8212;&#8212;- Metteuse en sc\u00e8ne et directrice de production, salari\u00e9e intermittente&nbsp;: Claire Engel Pr\u00e9sidente : Marie-Anne P\u00e9chinot Tr\u00e9sori\u00e8re: Galla Bridier Secr\u00e9taire : Christian Chamfort Licence : PLATESV-R-2021-004161 SIRET : 484 395 124 00056 APE : 9001Z CONTACT MAIL: g\u00e9n\u00e9ral et artistique : contact@chagallsansm.fr administration : [&hellip;]<\/p>\n","protected":false},"author":1,"featured_media":0,"parent":0,"menu_order":0,"comment_status":"closed","ping_status":"closed","template":"","meta":{"ngg_post_thumbnail":0,"footnotes":""},"aioseo_notices":[],"_links":{"self":[{"href":"https:\/\/www.chagallsansm.fr\/index.php\/wp-json\/wp\/v2\/pages\/37"}],"collection":[{"href":"https:\/\/www.chagallsansm.fr\/index.php\/wp-json\/wp\/v2\/pages"}],"about":[{"href":"https:\/\/www.chagallsansm.fr\/index.php\/wp-json\/wp\/v2\/types\/page"}],"author":[{"embeddable":true,"href":"https:\/\/www.chagallsansm.fr\/index.php\/wp-json\/wp\/v2\/users\/1"}],"replies":[{"embeddable":true,"href":"https:\/\/www.chagallsansm.fr\/index.php\/wp-json\/wp\/v2\/comments?post=37"}],"version-history":[{"count":29,"href":"https:\/\/www.chagallsansm.fr\/index.php\/wp-json\/wp\/v2\/pages\/37\/revisions"}],"predecessor-version":[{"id":1539,"href":"https:\/\/www.chagallsansm.fr\/index.php\/wp-json\/wp\/v2\/pages\/37\/revisions\/1539"}],"wp:attachment":[{"href":"https:\/\/www.chagallsansm.fr\/index.php\/wp-json\/wp\/v2\/media?parent=37"}],"curies":[{"name":"wp","href":"https:\/\/api.w.org\/{rel}","templated":true}]}}