{"id":251,"date":"2015-06-22T17:02:27","date_gmt":"2015-06-22T16:02:27","guid":{"rendered":"http:\/\/www.chagallsansm.fr\/?page_id=251"},"modified":"2019-09-17T13:16:56","modified_gmt":"2019-09-17T12:16:56","slug":"mediation","status":"publish","type":"page","link":"https:\/\/www.chagallsansm.fr\/index.php\/mediation\/","title":{"rendered":"M\u00e9diation"},"content":{"rendered":"<h2 style=\"text-align: justify;\"><span style=\"color: #006766;\"><strong>P\u00e9dagogies &amp; transmission de l&rsquo;art dramatique <\/strong><\/span><\/h2>\n<p style=\"text-align: justify;\"><span style=\"color: #006766;\"><strong>Milieu scolaire : primaire et secondaire<br \/>\n<\/strong><\/span><em>Oralit\u00e9, chant et langage\u00a0<\/em>: Po\u00e9sie \u00e0\u00a0l&rsquo;\u00e9cole\u00a0des Oliviers, Ceyras (34) ; expression orale en deux langues (anglais et fran\u00e7ais) au\u00a0Coll\u00e8ge Paul Riquet, B\u00e9ziers (34) ; Improvisation po\u00e9tique et musicale, avec Michel Bismut au\u00a0Coll\u00e8ge du Salagou, Clermont-l&rsquo;H\u00e9rault (34) ; mise en sc\u00e8ne parties chant\u00e9es, avec Anne Carrard aux\u00a0coll\u00e8ges (8) de l&rsquo;Acad\u00e9mie d&rsquo;Arcueil (IDF) ;<\/p>\n<p><em>Th\u00e9\u00e2tre et \u00e9criture<\/em>\u00a0: Lyc\u00e9e Mermoz, Montpellier ; Lyc\u00e9e Jean Monnet, Montpellier ;<\/p>\n<p style=\"text-align: justify;\"><span style=\"color: #006766;\"><strong><br \/>\nPratiques amateures :<\/strong><\/span><br \/>\nEnfants, adolescents, adultes, Th\u00e9\u00e2tre de Clermont-l&rsquo;H\u00e9rault (1995-1998)<br \/>\nCompagnie amateure Les Dix cr\u00e9ent, Gignac (34) (2008-2011)<br \/>\nEnfants et adolescents, La Maison Th\u00e9\u00e2tre (2013 et 2014)<\/p>\n<p style=\"text-align: justify;\"><strong><span style=\"color: #006766;\"><br \/>\nMicro mises en sc\u00e8ne avec publics en r\u00e9insertion ou \u00e9ducation populaire :<\/span><\/strong><br \/>\nC\u00e9m\u00e9a : groupe de 8 personnes, Montpellier, 2005<\/p>\n<p>Conseil g\u00e9n\u00e9ral : groupe de 16 adultes, 44H de r\u00e9p\u00e9titions en lien avec le th\u00e9\u00e2tre d&rsquo;O, Montpellier, 2001.<br \/>\nPuis dans le cadre d&rsquo; Une saison pour vous, 1 an de suivi avec groupe de 8 adultes, cr\u00e9ation d&rsquo;une exposition sensible, Th\u00e9\u00e2tre de Clermont-l&rsquo;H\u00e9rault, 2007<\/p>\n<p>CCAS de Montpellier : groupe de 9 femmes, 16H, CHRS Elizabeth Bouissonnade, Montpellier, 2010.<\/p>\n<p>Secours Populaire : Mise en sc\u00e8ne et pr\u00e9sentation publique en trois jours, b\u00e9n\u00e9voles et b\u00e9n\u00e9ficiaires, groupe de 9 personnes, Th\u00e9\u00e2tre d&rsquo;O, Montpellier, 2011.<\/p>\n<p>Culture et Sports solidaires 34 : Micro mises en sc\u00e8nes en 6H, groupes adultes (Montpellier, Fraisse-sur-Agout), groupe d&rsquo;enfants de 11 \u00e0 15 ans en I.M.P, Agde, 2014. Micro mises en sc\u00e8nes et repr\u00e9sentations en trente heures (2015) et en vingt heures (2016) pour un groupe d&rsquo;enfants de 11 \u00e0 15 ans en I.M.P, Agde et Florensac.<\/p>\n<p>H\u00f4pital de la Colombi\u00e8re : groupe de grands adolescents, avec hTH (CDN de Montpellier); 2015 et 2016<\/p>\n<p>Dans le cadre du prochain projet de la Compagnie Chagall sans M, en collaboration avec la DRAC LR, les SPIPs de l&rsquo;H\u00e9rault, du Gard et des P.O et les FIPDs des m\u00eames d\u00e9partements, micro mises en sc\u00e8nes et pr\u00e9sentations publiques en milieux ouverts et ferm\u00e9s. mai 2015 &#8211; juin 2016.<\/p>\n","protected":false},"excerpt":{"rendered":"<p>P\u00e9dagogies &amp; transmission de l&rsquo;art dramatique Milieu scolaire : primaire et secondaire Oralit\u00e9, chant et langage\u00a0: Po\u00e9sie \u00e0\u00a0l&rsquo;\u00e9cole\u00a0des Oliviers, Ceyras (34) ; expression orale en deux langues (anglais et fran\u00e7ais) au\u00a0Coll\u00e8ge Paul Riquet, B\u00e9ziers (34) ; Improvisation po\u00e9tique et musicale, avec Michel Bismut au\u00a0Coll\u00e8ge du Salagou, Clermont-l&rsquo;H\u00e9rault (34) ; mise en sc\u00e8ne parties chant\u00e9es, avec [&hellip;]<\/p>\n","protected":false},"author":1,"featured_media":0,"parent":0,"menu_order":0,"comment_status":"closed","ping_status":"closed","template":"","meta":{"ngg_post_thumbnail":0,"footnotes":""},"aioseo_notices":[],"_links":{"self":[{"href":"https:\/\/www.chagallsansm.fr\/index.php\/wp-json\/wp\/v2\/pages\/251"}],"collection":[{"href":"https:\/\/www.chagallsansm.fr\/index.php\/wp-json\/wp\/v2\/pages"}],"about":[{"href":"https:\/\/www.chagallsansm.fr\/index.php\/wp-json\/wp\/v2\/types\/page"}],"author":[{"embeddable":true,"href":"https:\/\/www.chagallsansm.fr\/index.php\/wp-json\/wp\/v2\/users\/1"}],"replies":[{"embeddable":true,"href":"https:\/\/www.chagallsansm.fr\/index.php\/wp-json\/wp\/v2\/comments?post=251"}],"version-history":[{"count":11,"href":"https:\/\/www.chagallsansm.fr\/index.php\/wp-json\/wp\/v2\/pages\/251\/revisions"}],"predecessor-version":[{"id":767,"href":"https:\/\/www.chagallsansm.fr\/index.php\/wp-json\/wp\/v2\/pages\/251\/revisions\/767"}],"wp:attachment":[{"href":"https:\/\/www.chagallsansm.fr\/index.php\/wp-json\/wp\/v2\/media?parent=251"}],"curies":[{"name":"wp","href":"https:\/\/api.w.org\/{rel}","templated":true}]}}