{"id":248,"date":"2015-06-22T16:57:22","date_gmt":"2015-06-22T15:57:22","guid":{"rendered":"http:\/\/www.chagallsansm.fr\/?page_id=248"},"modified":"2020-03-10T13:43:49","modified_gmt":"2020-03-10T12:43:49","slug":"bibliographie","status":"publish","type":"page","link":"https:\/\/www.chagallsansm.fr\/index.php\/bibliographie\/","title":{"rendered":"Bibliographie"},"content":{"rendered":"<h3><span style=\"color: #006766;\">Cr\u00e9ation 2018 : GLADIATRICE<\/span><\/h3>\n<p><span style=\"font-family: 'Lucida Grande';\"><span style=\"font-size: small;\"><i>Manifeste f\u00e9ministe<\/i><\/span><\/span><span style=\"font-family: 'Lucida Grande';\"><span style=\"font-size: small;\">\u00a0&#8211;\u00a0<\/span><\/span><span style=\"font-family: 'Lucida Grande';\"><span style=\"font-size: small;\"><b>Laure Adler<\/b><\/span><\/span><\/p>\n<p><span style=\"font-family: 'Lucida Grande';\"><span style=\"font-size: small;\"><i>XY <\/i><\/span><\/span><\/p>\n<p><span style=\"font-family: 'Lucida Grande';\"><span style=\"font-size: small;\"><i>Le conflit <\/i><\/span><\/span><span style=\"font-family: 'Lucida Grande';\"><span style=\"font-size: small;\"><i><b>&#8211;<\/b><\/i><\/span><\/span><span style=\"font-family: 'Lucida Grande';\"><span style=\"font-size: small;\"><b> Elisabeth Badinter<\/b><\/span><\/span><\/p>\n<p><span style=\"font-family: 'Lucida Grande';\"><span style=\"font-size: small;\"><i>Les hommes, les femmes et la communication<\/i><\/span><\/span><span style=\"font-family: 'Lucida Grande';\"><span style=\"font-size: small;\">\u00a0&#8211;\u00a0<\/span><\/span><span style=\"font-family: 'Lucida Grande';\"><span style=\"font-size: small;\"><b>Sophie Bailly <\/b><\/span><\/span><\/p>\n<p><span style=\"font-family: 'Lucida Grande';\"><span style=\"font-size: small;\"><i>Allez les filles<\/i><\/span><\/span><span style=\"font-family: 'Lucida Grande';\"><span style=\"font-size: small;\"><i><b>\u00a0&#8211;<\/b><\/i><\/span><\/span><span style=\"font-family: 'Lucida Grande';\"><span style=\"font-size: small;\"><b>\u00a0Baudelot<\/b><\/span><\/span><\/p>\n<p><span style=\"font-family: 'Lucida Grande';\"><span style=\"font-size: small;\"><i>Du c\u00f4t\u00e9\u00a0des petites filles<\/i><\/span><\/span><span style=\"font-family: 'Lucida Grande';\"><span style=\"font-size: small;\"><b>\u00a0&#8211; E.G Bellotti<\/b><\/span><\/span><\/p>\n<p><span style=\"font-family: 'Lucida Grande';\"><span style=\"font-size: small;\"><i>Id\u00e9es re\u00e7ues sur l&rsquo;\u00e9galit\u00e9 entre les hommes et les femmes &#8211;<\/i><\/span><\/span><span style=\"font-family: 'Lucida Grande';\"><span style=\"font-size: small;\"><b>\u00a0Thierry Benoit et Dominique Nadaud<\/b><\/span><\/span><\/p>\n<p><span style=\"font-family: 'Lucida Grande';\"><span style=\"font-size: small;\"><i>La virilit\u00e9 toute nue<\/i><\/span><\/span><i><b> &#8211;<\/b><\/i><span style=\"font-family: 'Lucida Grande';\"><span style=\"font-size: small;\"><b>\u00a0Marion Bohy Bunel <\/b><\/span><\/span><\/p>\n<p><span style=\"font-family: 'Lucida Grande';\"><span style=\"font-size: small;\"><i>La domination masculine<\/i><\/span><\/span><i><b>\u00a0&#8211;<\/b><\/i><span style=\"font-family: 'Lucida Grande';\"><span style=\"font-size: small;\"><b>\u00a0Pierre Bourdieu<\/b><\/span><\/span><\/p>\n<p><span style=\"font-family: 'Lucida Grande';\"><span style=\"font-size: small;\"><i>Si j&rsquo;\u00e9tais pr\u00e9sidente<\/i><\/span><\/span><span style=\"font-family: 'Lucida Grande';\"><span style=\"font-size: small;\"><b>\u00a0&#8211; Agn\u00e8s Boussuge et Elise Thi\u00e9baud<\/b><\/span><\/span><\/p>\n<p><span style=\"font-family: 'Lucida Grande';\"><span style=\"font-size: small;\"><i>Judith Butler trouble dans les sujet, trouble dans les normes &#8211;<\/i><\/span><\/span><span style=\"font-family: 'Lucida Grande';\"><span style=\"font-size: small;\"><b>\u00a0F. Brug\u00e8re <\/b><\/span><\/span><\/p>\n<p><span style=\"font-family: 'Lucida Grande';\"><span style=\"font-size: small;\"><i>Troubles dans le genre<\/i><\/span><\/span><span style=\"font-family: 'Lucida Grande';\"><span style=\"font-size: small;\"><b>\u00a0&#8211; Judith Butler<\/b><\/span><\/span><\/p>\n<p><span style=\"font-family: 'Lucida Grande';\"><span style=\"font-size: small;\"><i>Tondue en 44<\/i><\/span><\/span><span style=\"font-family: 'Lucida Grande';\"><span style=\"font-size: small;\"><b>\u00a0&#8211; Carlon<\/b><\/span><\/span><\/p>\n<p><span style=\"font-family: 'Lucida Grande';\"><span style=\"font-size: small;\"><i>Le paradoxe de l&rsquo;hippocampe<\/i><\/span><\/span><span style=\"font-family: 'Lucida Grande';\"><span style=\"font-size: small;\"> &#8211; <\/span><\/span><span style=\"font-family: 'Lucida Grande';\"><span style=\"font-size: small;\"><b>Franck C\u00e9zilly <\/b><\/span><\/span><\/p>\n<p><span style=\"font-family: 'Lucida Grande';\"><span style=\"font-size: small;\"><i>Benjamin Danon<\/i><\/span><\/span><i><b> &#8211;<\/b><\/i><span style=\"font-family: 'Lucida Grande';\"><span style=\"font-size: small;\"><b>\u00a0Cyclope Images<\/b><\/span><\/span><\/p>\n<p><span style=\"font-family: 'Lucida Grande';\"><span style=\"font-size: small;\"><i>Le deuxi\u00e8me sexe<\/i><\/span><\/span><span style=\"font-family: 'Lucida Grande';\"><span style=\"font-size: small;\"><b>\u00a0&#8211; Simone de Beauvoir<\/b><\/span><\/span><\/p>\n<p><span style=\"font-family: 'Lucida Grande';\"><span style=\"font-size: small;\"><i>Non \u00e0\u00a0la discrimination des femmes<\/i><\/span><\/span><span style=\"font-family: 'Lucida Grande';\"><span style=\"font-size: small;\"><b>\u00a0&#8211;\u00a0Olympe de Gouges<\/b><\/span><\/span><\/p>\n<p><span style=\"font-family: 'Lucida Grande';\"><span style=\"font-size: small;\"><i>Penser le genre 2 l&rsquo;ennemi principal &#8211;\u00a0<\/i><\/span><\/span><span style=\"font-family: 'Lucida Grande';\"><span style=\"font-size: small;\"><b>Christine Delphy<\/b><\/span><\/span><\/p>\n<p><span style=\"font-family: 'Lucida Grande';\"><span style=\"font-size: small;\"><i>King Kong theory<\/i><\/span><\/span><i><b> &#8211;<\/b><\/i><span style=\"font-family: 'Lucida Grande';\"><span style=\"font-size: small;\"><b>\u00a0Virginie Despentes<\/b><\/span><\/span><\/p>\n<p><span style=\"font-family: 'Lucida Grande';\"><span style=\"font-size: small;\"><i>Histoire de la sexualit\u00e9<\/i><\/span><\/span><i><b>\u00a0&#8211;<\/b><\/i><span style=\"font-family: 'Lucida Grande';\"><span style=\"font-size: small;\"><b>Michel Foucault<\/b><\/span><\/span><\/p>\n<p><span style=\"font-family: 'Lucida Grande';\"><span style=\"font-size: small;\"><i>Les deux gouvernements : la famille et la cit\u00e9<\/i><\/span><\/span><\/p>\n<p><span style=\"font-family: 'Lucida Grande';\"><span style=\"font-size: small;\"><i>La sexuation du monde <\/i><\/span><\/span><\/p>\n<p><span style=\"font-family: 'Lucida Grande';\"><span style=\"font-size: small;\"><i>Poulain de la Barre, ou le proc\u00e8s des pr\u00e9jug\u00e9s<\/i><\/span><\/span><span style=\"font-family: 'Lucida Grande';\"><span style=\"font-size: small;\"> &#8211; <\/span><\/span><span style=\"font-family: 'Lucida Grande';\"><span style=\"font-size: small;\"><b>Genevi\u00e8ve Fraisse<\/b><\/span><\/span><\/p>\n<p><span style=\"font-family: 'Lucida Grande';\"><span style=\"font-size: small;\"><i>Caliban et la sorci\u00e8re<\/i><\/span><\/span> &#8211;<span style=\"font-family: 'Lucida Grande';\"><span style=\"font-size: small;\"><b>\u00a0Thierry Hocquet et Genevi\u00e8ve Fraisse <\/b><\/span><\/span><span style=\"font-family: 'Lucida Grande';\"><span style=\"font-size: small;\"><i><br \/>\n<\/i><\/span><\/span><\/p>\n<p><span style=\"font-family: 'Lucida Grande';\"><span style=\"font-size: small;\"><i>La vie en rose <\/i><\/span><\/span><\/p>\n<p><span style=\"font-family: 'Lucida Grande';\"><span style=\"font-size: small;\"><i>Petit trait\u00e9\u00a0contre le sexisme ordinaire<\/i><\/span><\/span><i><b> <\/b><\/i><span style=\"font-family: 'Lucida Grande';\"><span style=\"font-size: small;\"><b>&#8211; Brigitte Gr\u00e9sy<\/b><\/span><\/span><\/p>\n<p><span style=\"font-family: 'Lucida Grande';\"><span style=\"font-size: small;\"><i>Sexes oppos\u00e9s, appos\u00e9s, transpos\u00e9s<\/i><\/span><\/span><span style=\"font-family: 'Lucida Grande';\"><span style=\"font-size: small;\">\u00a0&#8211;\u00a0<\/span><\/span><span style=\"font-family: 'Lucida Grande';\"><span style=\"font-size: small;\"><b>Georges Guille-Escuret<\/b><\/span><\/span><\/p>\n<p><span style=\"font-family: 'Lucida Grande';\"><span style=\"font-size: small;\"><i>Masculin\/f\u00e9minin I et II\u00a0&#8211;<\/i><\/span><\/span><span style=\"font-family: 'Lucida Grande';\"><span style=\"font-size: small;\"><b>\u00a0Fran\u00e7oise H\u00e9ritier<\/b><\/span><\/span><\/p>\n<p><span style=\"font-family: 'Lucida Grande';\"><span style=\"font-size: small;\"><i>Le bidule de Dieu<\/i><\/span><\/span><span style=\"font-family: 'Lucida Grande';\"><span style=\"font-size: small;\"><b>\u00a0&#8211; Tom Hickman<\/b><\/span><\/span><\/p>\n<p><span style=\"font-family: 'Lucida Grande';\"><span style=\"font-size: small;\"><i>Psychosociologie du crime passionnel<\/i><\/span><\/span> &#8211;<span style=\"font-family: 'Lucida Grande';\"><span style=\"font-size: small;\"><b>\u00a0Annick Houel<\/b><\/span><\/span><\/p>\n<p><span style=\"font-family: 'Lucida Grande';\"><span style=\"font-size: small;\"><i>Reflets dans un oeil d&rsquo;homme<\/i><\/span><\/span><i><b> &#8211;<\/b><\/i><span style=\"font-family: 'Lucida Grande';\"><span style=\"font-size: small;\"><b>\u00a0Nancy Huston<\/b><\/span><\/span><\/p>\n<p><span style=\"font-family: 'Lucida Grande';\"><span style=\"font-size: small;\"><i>Genres et classes<\/i><\/span><\/span><span style=\"font-family: 'Lucida Grande';\"><span style=\"font-size: small;\"><b>\u00a0&#8211; Incendo <\/b><\/span><\/span><\/p>\n<p><span style=\"font-family: 'Lucida Grande';\"><span style=\"font-size: small;\"><i>Hommes \/ femmes mode d&#8217;emploi<\/i><\/span><\/span><span style=\"font-family: 'Lucida Grande';\"><span style=\"font-size: small;\"><b>\u00a0&#8211; Yang Liu<\/b><\/span><\/span><\/p>\n<p><span style=\"font-family: 'Lucida Grande';\"><span style=\"font-size: small;\"><i>Le temps des femmes, pour un nouveau partage des r\u00f4les<\/i><\/span><\/span> &#8211;\u00a0<span style=\"font-family: 'Lucida Grande';\"><span style=\"font-size: small;\"><b>D. Meda<\/b><\/span><\/span><\/p>\n<p><span style=\"font-family: 'Lucida Grande';\"><span style=\"font-size: small;\"><i>Le sexe de l&rsquo;\u00e9criture<\/i><\/span><\/span><span style=\"font-family: 'Lucida Grande';\"><span style=\"font-size: small;\"> &#8211; <\/span><\/span><span style=\"font-family: 'Lucida Grande';\"><span style=\"font-size: small;\"><b>D. Merlli\u00e9<\/b><\/span><\/span><\/p>\n<p><span style=\"font-family: 'Lucida Grande';\"><span style=\"font-size: small;\"><i>Les femmes dans l&rsquo;Antiquit\u00e9 grecque<\/i><\/span><\/span><span style=\"font-family: 'Lucida Grande';\"><span style=\"font-size: small;\"> &#8211;\u00a0<\/span><\/span><span style=\"font-family: 'Lucida Grande';\"><span style=\"font-size: small;\"><b>Claude Moss\u00e9<\/b><\/span><\/span><\/p>\n<p><span style=\"font-family: 'Lucida Grande';\"><span style=\"font-size: small;\"><i>Formation professionnelle et apprentissage <\/i><\/span><\/span><span style=\"font-family: 'Lucida Grande';\"><span style=\"font-size: small;\">&#8211; Rapport assembl\u00e9e nationale n\u00b01753 &#8211;\u00a0<\/span><\/span><span style=\"font-family: 'Lucida Grande';\"><span style=\"font-size: small;\"><b>S\u00e9gol\u00e8ne Neuville <\/b><\/span><\/span><\/p>\n<p><span style=\"font-family: 'Lucida Grande';\"><span style=\"font-size: small;\"><i>Le Polyandre<\/i><\/span><\/span><span style=\"font-family: 'Lucida Grande';\"><span style=\"font-size: small;\"><b>\u00a0&#8211;\u00a0Achille N&rsquo;Goye<\/b><\/span><\/span><\/p>\n<p><span style=\"font-family: 'Lucida Grande';\"><span style=\"font-size: small;\"><i>Nous sommes tous des f\u00e9ministes<\/i><\/span><\/span> &#8211;<span style=\"font-family: 'Lucida Grande';\"><span style=\"font-size: small;\"><b>\u00a0Chimamanda Ngozi Adichie<\/b><\/span><\/span><\/p>\n<p><span style=\"font-family: 'Lucida Grande';\"><span style=\"font-size: small;\"><i>Lettres ouvertes aux femmes<\/i><\/span><\/span><span style=\"font-family: 'Lucida Grande';\"><span style=\"font-size: small;\">\u00a0&#8211;\u00a0<\/span><\/span><span style=\"font-family: 'Lucida Grande';\"><span style=\"font-size: small;\"><b>Fran\u00e7oise Parturier <\/b><\/span><\/span><\/p>\n<p><span style=\"font-family: 'Lucida Grande';\"><span style=\"font-size: small;\"><i>Femmes et travail &#8211;\u00a0rapport n\u00b0279 \u00a0D\u00e9l\u00e9gation DF S\u00e9nat mars 2012<\/i><\/span><\/span><span style=\"font-family: 'Lucida Grande';\"><span style=\"font-size: small;\"><b>\u00a0&#8211; H\u00e9l\u00e8ne P\u00e9livier<\/b><\/span><\/span><\/p>\n<p><span style=\"font-family: 'Lucida Grande';\"><span style=\"font-size: small;\"><i>Vers une th\u00e9orie biologique du corps de la repr\u00e9sentation &#8211;<\/i><\/span><\/span><span style=\"font-family: 'Lucida Grande';\"><span style=\"font-size: small;\"><b>\u00a0JM Pradier<\/b><\/span><\/span><\/p>\n<p><span style=\"font-family: 'Lucida Grande';\"><span style=\"font-size: small;\"><i>G\u00e9ographie du genre<\/i><\/span><\/span><span style=\"font-family: 'Lucida Grande';\"><span style=\"font-size: small;\">\u00a0&#8211;\u00a0<\/span><\/span><span style=\"font-family: 'Lucida Grande';\"><span style=\"font-size: small;\"><b>Yves Raibaud<\/b><\/span><\/span><\/p>\n<p><span style=\"font-family: 'Lucida Grande';\"><span style=\"font-size: small;\"><i>Opinion d&rsquo;une femme sur les femmes<\/i><\/span><\/span><span style=\"font-family: 'Lucida Grande';\"><span style=\"font-size: small;\"><b> &#8211; Fanny Raoul<\/b><\/span><\/span><\/p>\n<p><span style=\"font-family: 'Lucida Grande';\"><span style=\"font-size: small;\"><i>Un quart en moins<\/i><\/span><\/span><span style=\"font-family: 'Lucida Grande';\"><span style=\"font-size: small;\"><b>\u00a0&#8211; R. Silvera<\/b><\/span><\/span><\/p>\n<p><span style=\"font-family: 'Lucida Grande';\"><span style=\"font-size: small;\"><i>Le Harem et les cousins<\/i><\/span><\/span><span style=\"font-family: 'Lucida Grande';\"><span style=\"font-size: small;\"><b>\u00a0&#8211;\u00a0Germaine Tillon<\/b><\/span><\/span><\/p>\n<p><span style=\"font-family: 'Lucida Grande';\"><span style=\"font-size: small;\"><i>Cerveau, sexe et pouvoir <\/i><\/span><\/span><\/p>\n<p><span style=\"font-family: 'Lucida Grande';\"><span style=\"font-size: small;\"><i>Femmes, hommes, avons-nous le m\u00eame cerveau<\/i><\/span><\/span><span style=\"font-family: 'Lucida Grande';\"><span style=\"font-size: small;\"> &#8211; <\/span><\/span><span style=\"font-family: 'Lucida Grande';\"><span style=\"font-size: small;\"><b>Catherine Vidal <\/b><\/span><\/span><\/p>\n<p><span style=\"font-family: 'Lucida Grande';\"><span style=\"font-size: small;\"><i>La France Virile<\/i><\/span><\/span><span style=\"font-family: 'Lucida Grande';\"><span style=\"font-size: small;\"> &#8211;\u00a0<\/span><\/span><span style=\"font-family: 'Lucida Grande';\"><span style=\"font-size: small;\"><b>Fabrice Virgili<\/b><\/span><\/span><\/p>\n<p>&nbsp;<\/p>\n","protected":false},"excerpt":{"rendered":"<p>Cr\u00e9ation 2018 : GLADIATRICE Manifeste f\u00e9ministe\u00a0&#8211;\u00a0Laure Adler XY Le conflit &#8211; Elisabeth Badinter Les hommes, les femmes et la communication\u00a0&#8211;\u00a0Sophie Bailly Allez les filles\u00a0&#8211;\u00a0Baudelot Du c\u00f4t\u00e9\u00a0des petites filles\u00a0&#8211; E.G Bellotti Id\u00e9es re\u00e7ues sur l&rsquo;\u00e9galit\u00e9 entre les hommes et les femmes &#8211;\u00a0Thierry Benoit et Dominique Nadaud La virilit\u00e9 toute nue &#8211;\u00a0Marion Bohy Bunel La domination masculine\u00a0&#8211;\u00a0Pierre [&hellip;]<\/p>\n","protected":false},"author":1,"featured_media":0,"parent":0,"menu_order":0,"comment_status":"closed","ping_status":"closed","template":"","meta":{"ngg_post_thumbnail":0,"footnotes":""},"aioseo_notices":[],"_links":{"self":[{"href":"https:\/\/www.chagallsansm.fr\/index.php\/wp-json\/wp\/v2\/pages\/248"}],"collection":[{"href":"https:\/\/www.chagallsansm.fr\/index.php\/wp-json\/wp\/v2\/pages"}],"about":[{"href":"https:\/\/www.chagallsansm.fr\/index.php\/wp-json\/wp\/v2\/types\/page"}],"author":[{"embeddable":true,"href":"https:\/\/www.chagallsansm.fr\/index.php\/wp-json\/wp\/v2\/users\/1"}],"replies":[{"embeddable":true,"href":"https:\/\/www.chagallsansm.fr\/index.php\/wp-json\/wp\/v2\/comments?post=248"}],"version-history":[{"count":5,"href":"https:\/\/www.chagallsansm.fr\/index.php\/wp-json\/wp\/v2\/pages\/248\/revisions"}],"predecessor-version":[{"id":789,"href":"https:\/\/www.chagallsansm.fr\/index.php\/wp-json\/wp\/v2\/pages\/248\/revisions\/789"}],"wp:attachment":[{"href":"https:\/\/www.chagallsansm.fr\/index.php\/wp-json\/wp\/v2\/media?parent=248"}],"curies":[{"name":"wp","href":"https:\/\/api.w.org\/{rel}","templated":true}]}}