{"id":1552,"date":"2025-02-09T23:40:27","date_gmt":"2025-02-09T22:40:27","guid":{"rendered":"https:\/\/www.chagallsansm.fr\/?page_id=1552"},"modified":"2025-11-30T10:24:39","modified_gmt":"2025-11-30T09:24:39","slug":"actions-culturelles-recherche","status":"publish","type":"page","link":"https:\/\/www.chagallsansm.fr\/index.php\/actions-culturelles-recherche\/","title":{"rendered":"Actions culturelles  &#8211; Recherche"},"content":{"rendered":"\n<h6 class=\"wp-block-heading\"><strong>Du Je au Nous<\/strong><\/h6>\n\n\n\n<p><br>Du Je au Nous est un projet de recherche men\u00e9 \u00e0 partir d\u2019une ethnographie bas\u00e9e sur l\u2019intervention artistique. Le but de ce travail est de r\u00e9colter les t\u00e9moignages de nombreuses personnes \u00e0 un moment particulier de leur vie, sur les croyances qui les ont nourries, ont nourri, continuent ou non de nourrir leur existence. Du Je au Nous accompagne le projet th\u00e9\u00e2tral NOUS, dont les quatre pi\u00e8ces proposent un<br>voyage du Je au Nous.<\/p>\n\n\n\n<figure class=\"wp-block-image size-full\"><a href=\"https:\/\/www.chagallsansm.fr\/wp-content\/uploads\/2025\/02\/corps-et-ame.jpeg\"><img decoding=\"async\" loading=\"lazy\" width=\"926\" height=\"521\" src=\"https:\/\/www.chagallsansm.fr\/wp-content\/uploads\/2025\/02\/corps-et-ame-edited.jpeg\" alt=\"\" class=\"wp-image-1561\" srcset=\"https:\/\/www.chagallsansm.fr\/wp-content\/uploads\/2025\/02\/corps-et-ame-edited.jpeg 926w, https:\/\/www.chagallsansm.fr\/wp-content\/uploads\/2025\/02\/corps-et-ame-edited-300x169.jpeg 300w, https:\/\/www.chagallsansm.fr\/wp-content\/uploads\/2025\/02\/corps-et-ame-edited-768x432.jpeg 768w\" sizes=\"(max-width: 926px) 100vw, 926px\" \/><\/a><\/figure>\n\n\n\n<p><br>Que sont et que reste-t-il, donc, de nos croyances. En quoi sont-elles importantes ? Qu\u2019ont-elles \u00e0 nous dire ? Comment agissent-elles comme liens entre les \u00eatres ? Que racontent-elles d\u2019une communaut\u00e9 humaine \u00e0 travers les nuances que chacun, chacune, y voit ?<\/p>\n\n\n\n<blockquote class=\"wp-block-quote\">\n<p><br>Ici, nos dix heures d\u2019interventions se sont d\u00e9roul\u00e9es \u00e0 l\u2019EHPAD Clair Soleil de N\u00eemes, entre le 28 juillet et le 2 ao\u00fbt 2024. Elles ont \u00e9t\u00e9 coordonn\u00e9es par la Maison Protestante de N\u00eemes, le th\u00e9\u00e2tre le P\u00e9riscope et la compagnie Chagall sans M, dans le cadre de l\u2019\u00e9t\u00e9 culturel financ\u00e9 par le Minist\u00e8re de la Culture.<br>Les interventions ont \u00e9t\u00e9 men\u00e9es par Claire Engel pour le th\u00e9\u00e2tre et Patrice Soletti pour la musique.<br>Nous remercions chaleureusement les accompagnantes ayant particip\u00e9 aux ateliers et nous ayant accueilli\u00b7es avec la plus grande des courtoisies.<br>Nous remercions tous et toutes les participantes \u00e0 ces s\u00e9ances qui ont m\u00eal\u00e9 discussions, r\u00e9flexion, jeux, chants, et effort th\u00e9\u00e2tral.<\/p>\n<\/blockquote>\n\n\n\n<p><br>\ud83c\udfa7<a href=\"http:\/\/www.chagallsansm.fr\/wp-content\/uploads\/2025\/02\/Du-JE-au-Nous-EPAHD-Clair-Soleil-juillet-2024.mp3\" target=\"_blank\" rel=\"noopener\" title=\"\">Retrouvez ici le podcast issu du projet \u00ab Le Paradoxe est dans le Bingo \u00bb<br><\/a><br>Une version diff\u00e9rente de ce projet est en cours d\u2019\u00e9laboration en Unit\u00e9 de soins Palliatifs (USP).<\/p>\n\n\n\n<blockquote class=\"wp-block-quote\">\n<p>En septembre 2025, pendant notre r\u00e9sidence port\u00e9e par le dispositif Impulsions de la ville de Montpellier, nous sommes all\u00e9\u00b7es rencontrer les petits de l&rsquo;\u00e9cole Colette et Pierre Soulages, sur le temps d&rsquo;accueil du matin.<\/p>\n<\/blockquote>\n\n\n\n<p><a href=\"http:\/\/www.chagallsansm.fr\/wp-content\/uploads\/2025\/11\/Les-Petits-Soulages-Master1.mp3\" target=\"_blank\" rel=\"noopener\" title=\"\">Il en est ressorti <strong>un podcast<\/strong>, \u00e0 \u00e9couter ici\u00a0\ud83c\udfa7<\/a><\/p>\n","protected":false},"excerpt":{"rendered":"<p>Du Je au Nous Du Je au Nous est un projet de recherche men\u00e9 \u00e0 partir d\u2019une ethnographie bas\u00e9e sur l\u2019intervention artistique. Le but de ce travail est de r\u00e9colter les t\u00e9moignages de nombreuses personnes \u00e0 un moment particulier de leur vie, sur les croyances qui les ont nourries, ont nourri, continuent ou non de [&hellip;]<\/p>\n","protected":false},"author":1,"featured_media":0,"parent":0,"menu_order":0,"comment_status":"closed","ping_status":"closed","template":"","meta":{"ngg_post_thumbnail":0,"footnotes":""},"aioseo_notices":[],"_links":{"self":[{"href":"https:\/\/www.chagallsansm.fr\/index.php\/wp-json\/wp\/v2\/pages\/1552"}],"collection":[{"href":"https:\/\/www.chagallsansm.fr\/index.php\/wp-json\/wp\/v2\/pages"}],"about":[{"href":"https:\/\/www.chagallsansm.fr\/index.php\/wp-json\/wp\/v2\/types\/page"}],"author":[{"embeddable":true,"href":"https:\/\/www.chagallsansm.fr\/index.php\/wp-json\/wp\/v2\/users\/1"}],"replies":[{"embeddable":true,"href":"https:\/\/www.chagallsansm.fr\/index.php\/wp-json\/wp\/v2\/comments?post=1552"}],"version-history":[{"count":6,"href":"https:\/\/www.chagallsansm.fr\/index.php\/wp-json\/wp\/v2\/pages\/1552\/revisions"}],"predecessor-version":[{"id":1606,"href":"https:\/\/www.chagallsansm.fr\/index.php\/wp-json\/wp\/v2\/pages\/1552\/revisions\/1606"}],"wp:attachment":[{"href":"https:\/\/www.chagallsansm.fr\/index.php\/wp-json\/wp\/v2\/media?parent=1552"}],"curies":[{"name":"wp","href":"https:\/\/api.w.org\/{rel}","templated":true}]}}